{"id":8,"date":"2024-10-16T18:04:29","date_gmt":"2024-10-16T16:04:29","guid":{"rendered":"https:\/\/dl2i.com\/?page_id=8"},"modified":"2025-09-08T19:18:21","modified_gmt":"2025-09-08T17:18:21","slug":"home","status":"publish","type":"page","link":"https:\/\/dl2i.com\/","title":{"rendered":"Accueil"},"content":{"rendered":"\n<div class=\"wp-block-group alignfull has-ast-global-color-5-background-color has-background\" style=\"padding-bottom:0px\"><div class=\"wp-block-group__inner-container is-layout-constrained wp-container-core-group-is-layout-9ff7351d wp-block-group-is-layout-constrained\">\n<p class=\"has-text-align-center has-medium-font-size\" style=\"font-style:italic;font-weight:700\"><em>\u00a0\u00bb Expert en informatique, d\u00e9veloppement web et bureautique, je propose des solutions personnalis\u00e9es en t\u00e9l\u00e9travail ou en pr\u00e9sentiel, incluant le d\u00e9veloppement d&rsquo;applications, la cr\u00e9ation de formations et l&rsquo;optimisation de processus via l&rsquo;automatisation et l&rsquo;intelligence artificielle. Avec une solide exp\u00e9rience en formation et gestion de projets, j&rsquo;accompagne les entreprises dans leur transformation num\u00e9rique et l&rsquo;am\u00e9lioration de leur productivit\u00e9. \u00ab\u00a0<\/em><\/p>\n\n\n\n<hr class=\"wp-block-separator has-alpha-channel-opacity\"\/>\n\n\n\n<div class=\"wp-block-columns are-vertically-aligned-top is-layout-flex wp-container-core-columns-is-layout-88c107d0 wp-block-columns-is-layout-flex\">\n<div class=\"wp-block-column is-vertically-aligned-top is-layout-flow wp-block-column-is-layout-flow\"><div class=\"wp-block-image is-style-default\">\n<figure class=\"aligncenter size-full is-resized\"><img loading=\"lazy\" decoding=\"async\" width=\"183\" height=\"195\" src=\"https:\/\/dl2i.com\/wp-content\/uploads\/2024\/11\/formation-1.png\" alt=\"\" class=\"wp-image-66\" style=\"width:80px\"\/><\/figure>\n<\/div>\n\n\n<h3 class=\"wp-block-heading has-text-align-left\" style=\"margin-top:16px\">Formation et coaching<\/h3>\n\n\n\n<p class=\"has-text-align-left\">Formation bureautique, d\u00e9veloppement de vos comp\u00e9tences informatique.<\/p>\n<\/div>\n\n\n\n<div class=\"wp-block-column is-vertically-aligned-top is-layout-flow wp-block-column-is-layout-flow\"><div class=\"wp-block-image\">\n<figure class=\"aligncenter size-full is-resized\"><img loading=\"lazy\" decoding=\"async\" width=\"188\" height=\"194\" src=\"https:\/\/dl2i.com\/wp-content\/uploads\/2024\/11\/automatisation-1.png\" alt=\"\" class=\"wp-image-67\" style=\"width:80px\"\/><\/figure>\n<\/div>\n\n\n<h3 class=\"wp-block-heading has-text-align-left\" style=\"margin-top:16px\">D\u00e9veloppement et automatisation<\/h3>\n\n\n\n<p class=\"has-text-align-left\">Sites web, applications, VBA.<\/p>\n<\/div>\n\n\n\n<div class=\"wp-block-column is-vertically-aligned-top is-layout-flow wp-block-column-is-layout-flow\"><div class=\"wp-block-image\">\n<figure class=\"aligncenter size-full is-resized\"><img loading=\"lazy\" decoding=\"async\" width=\"182\" height=\"195\" src=\"https:\/\/dl2i.com\/wp-content\/uploads\/2024\/11\/IA-1.png\" alt=\"\" class=\"wp-image-68\" style=\"width:80px\"\/><\/figure>\n<\/div>\n\n\n<h3 class=\"wp-block-heading has-text-align-left\" style=\"margin-top:16px\">Consulting IA et optimisation num\u00e9rique<\/h3>\n\n\n\n<p class=\"has-text-align-left\">Accompagnement dans l\u2019impl\u00e9mentation d\u2019IA et optimisation des processus.<\/p>\n<\/div>\n<\/div>\n<\/div><\/div>\n\n\n\n<p><\/p>\n","protected":false},"excerpt":{"rendered":"<p>\u00a0\u00bb Expert en informatique, d\u00e9veloppement web et bureautique, je propose des solutions personnalis\u00e9es en t\u00e9l\u00e9travail ou en pr\u00e9sentiel, incluant le d\u00e9veloppement d&rsquo;applications, la cr\u00e9ation de formations et l&rsquo;optimisation de processus [&hellip;]<\/p>\n","protected":false},"author":1,"featured_media":0,"parent":0,"menu_order":0,"comment_status":"closed","ping_status":"closed","template":"","meta":{"_mc_calendar":[],"footnotes":""},"class_list":["post-8","page","type-page","status-publish","hentry"],"_links":{"self":[{"href":"https:\/\/dl2i.com\/index.php\/wp-json\/wp\/v2\/pages\/8","targetHints":{"allow":["GET"]}}],"collection":[{"href":"https:\/\/dl2i.com\/index.php\/wp-json\/wp\/v2\/pages"}],"about":[{"href":"https:\/\/dl2i.com\/index.php\/wp-json\/wp\/v2\/types\/page"}],"author":[{"embeddable":true,"href":"https:\/\/dl2i.com\/index.php\/wp-json\/wp\/v2\/users\/1"}],"replies":[{"embeddable":true,"href":"https:\/\/dl2i.com\/index.php\/wp-json\/wp\/v2\/comments?post=8"}],"version-history":[{"count":41,"href":"https:\/\/dl2i.com\/index.php\/wp-json\/wp\/v2\/pages\/8\/revisions"}],"predecessor-version":[{"id":362,"href":"https:\/\/dl2i.com\/index.php\/wp-json\/wp\/v2\/pages\/8\/revisions\/362"}],"wp:attachment":[{"href":"https:\/\/dl2i.com\/index.php\/wp-json\/wp\/v2\/media?parent=8"}],"curies":[{"name":"wp","href":"https:\/\/api.w.org\/{rel}","templated":true}]}}